{"id":2,"date":"2025-07-10T14:21:33","date_gmt":"2025-07-10T14:21:33","guid":{"rendered":"https:\/\/baretxepe.rkinformatika.online\/?page_id=2"},"modified":"2025-07-14T08:02:37","modified_gmt":"2025-07-14T08:02:37","slug":"inicio","status":"publish","type":"page","link":"https:\/\/baretxepe.com\/eu\/","title":{"rendered":"Hasiera"},"content":{"rendered":"<div data-elementor-type=\"wp-page\" data-elementor-id=\"2\" class=\"elementor elementor-2\" data-elementor-post-type=\"page\">\n\t\t\t\t<div class=\"elementor-element elementor-element-3564c14 e-con-full e-flex e-con e-parent\" data-id=\"3564c14\" data-element_type=\"container\" data-e-type=\"container\" data-settings=\"{&quot;background_background&quot;:&quot;classic&quot;}\">\n\t\t<div class=\"elementor-element elementor-element-15293f5 e-flex e-con-boxed e-con e-child\" data-id=\"15293f5\" data-element_type=\"container\" data-e-type=\"container\" data-settings=\"{&quot;background_background&quot;:&quot;classic&quot;}\">\n\t\t\t\t\t<div class=\"e-con-inner\">\n\t\t\t\t<div class=\"elementor-element elementor-element-9919d17 elementor-invisible elementor-widget elementor-widget-heading\" data-id=\"9919d17\" data-element_type=\"widget\" data-e-type=\"widget\" data-settings=\"{&quot;_animation&quot;:&quot;fadeInDown&quot;}\" data-widget_type=\"heading.default\">\n\t\t\t\t\t<h2 class=\"elementor-heading-title elementor-size-default\">Ongi etorri Etxepe tabernara<\/h2>\t\t\t\t<\/div>\n\t\t\t\t<div class=\"elementor-element elementor-element-e44e0ad elementor-invisible elementor-widget elementor-widget-heading\" data-id=\"e44e0ad\" data-element_type=\"widget\" data-e-type=\"widget\" data-settings=\"{&quot;_animation&quot;:&quot;fadeInDown&quot;}\" data-widget_type=\"heading.default\">\n\t\t\t\t\t<h2 class=\"elementor-heading-title elementor-size-default\">Taberna bat baino gehiago, familia bat gara<\/h2>\t\t\t\t<\/div>\n\t\t\t\t\t<\/div>\n\t\t\t\t<\/div>\n\t\t\t\t<\/div>\n\t\t<div class=\"elementor-element elementor-element-23533ab e-con-full e-flex e-con e-parent\" data-id=\"23533ab\" data-element_type=\"container\" data-e-type=\"container\" data-settings=\"{&quot;background_background&quot;:&quot;classic&quot;}\">\n\t\t<div class=\"elementor-element elementor-element-80e5727 e-con-full e-flex elementor-invisible e-con e-child\" data-id=\"80e5727\" data-element_type=\"container\" data-e-type=\"container\" data-settings=\"{&quot;background_background&quot;:&quot;classic&quot;,&quot;animation&quot;:&quot;fadeIn&quot;}\">\n\t\t<div class=\"elementor-element elementor-element-d0b7e0e e-con-full e-flex e-con e-child\" data-id=\"d0b7e0e\" data-element_type=\"container\" data-e-type=\"container\" data-settings=\"{&quot;background_background&quot;:&quot;classic&quot;}\">\n\t\t\t\t<div class=\"elementor-element elementor-element-20aefce animated-slow elementor-invisible elementor-widget elementor-widget-heading\" data-id=\"20aefce\" data-element_type=\"widget\" data-e-type=\"widget\" data-settings=\"{&quot;_animation&quot;:&quot;fadeIn&quot;}\" data-widget_type=\"heading.default\">\n\t\t\t\t\t<h2 class=\"elementor-heading-title elementor-size-default\">Gosariak, pintxoak eta anoak<\/h2>\t\t\t\t<\/div>\n\t\t\t\t<div class=\"elementor-element elementor-element-8de2c4f elementor-widget elementor-widget-text-editor\" data-id=\"8de2c4f\" data-element_type=\"widget\" data-e-type=\"widget\" data-widget_type=\"text-editor.default\">\n\t\t\t\t\t\t\t\t\t<p>Duela 25 urte baino gehiago Bar Etxepe sortu zen, denborarekin askoren bigarren etxea bihurtu den auzo txoko txiki bat. Ez gara taberna bat bakarrik: familia handi bat gara, eta kanaberak, errazioak eta une onak zerbitzatzen ditugu.<\/p><p>Hemen lagunak ospatzen dira, istorioak partekatzen dira eta topa egiten da hurbiltasunez. Gure taldeak urteak daramatza onena ematen, eta hori irribarre bakoitzean, plater bakoitzean eta errepikatzen den bisita bakoitzean nabaritzen da.<\/p><p>Eskerrik asko istorio honen parte izateagatik. Oraindik ez bagaituzu ezagutzen, pasa zaitez nahi duzunean: <strong>Etxepen beti dago beste batentzat lekua<\/strong>.<\/p>\t\t\t\t\t\t\t\t<\/div>\n\t\t\t\t<\/div>\n\t\t\t\t<\/div>\n\t\t\t\t<\/div>\n\t\t<div class=\"elementor-element elementor-element-8000220 e-flex e-con-boxed e-con e-parent\" data-id=\"8000220\" data-element_type=\"container\" data-e-type=\"container\" data-settings=\"{&quot;background_background&quot;:&quot;classic&quot;}\">\n\t\t\t\t\t<div class=\"e-con-inner\">\n\t\t<div class=\"elementor-element elementor-element-549fe3b e-con-full e-flex e-con e-child\" data-id=\"549fe3b\" data-element_type=\"container\" data-e-type=\"container\" data-settings=\"{&quot;background_background&quot;:&quot;classic&quot;}\">\n\t\t\t\t<div class=\"elementor-element elementor-element-d7ff4c0 elementor-invisible elementor-widget elementor-widget-heading\" data-id=\"d7ff4c0\" data-element_type=\"widget\" data-e-type=\"widget\" data-settings=\"{&quot;_animation&quot;:&quot;fadeInDown&quot;}\" data-widget_type=\"heading.default\">\n\t\t\t\t\t<h2 class=\"elementor-heading-title elementor-size-default\">Zure betiko txokoa, etxeko zaporearekin<\/h2>\t\t\t\t<\/div>\n\t\t\t\t<div class=\"elementor-element elementor-element-8bba1c1 elementor-align-center animated-slow elementor-invisible elementor-widget elementor-widget-button\" data-id=\"8bba1c1\" data-element_type=\"widget\" data-e-type=\"widget\" data-settings=\"{&quot;_animation&quot;:&quot;fadeIn&quot;}\" data-widget_type=\"button.default\">\n\t\t\t\t\t\t\t\t\t\t<a class=\"elementor-button elementor-button-link elementor-size-sm\" href=\"https:\/\/baretxepe.com\/eu\/servicios\/\">\n\t\t\t\t\t\t<span class=\"elementor-button-content-wrapper\">\n\t\t\t\t\t\t\t\t\t<span class=\"elementor-button-text\">Ikusi zerbitzuak<\/span>\n\t\t\t\t\t<\/span>\n\t\t\t\t\t<\/a>\n\t\t\t\t\t\t\t\t<\/div>\n\t\t\t\t<\/div>\n\t\t\t\t\t<\/div>\n\t\t\t\t<\/div>\n\t\t\t\t<\/div>","protected":false},"excerpt":{"rendered":"<p>Bienvenido al Bar Etxepe M\u00e1s que un bar, somos una familia Desayunos, pinchos y raciones Hace m\u00e1s de 25 a\u00f1os naci\u00f3 Bar Etxepe, un peque\u00f1o rinc\u00f3n de barrio que con el tiempo se ha convertido en la segunda casa de muchos. No somos solo un bar: somos una gran familia donde se sirven ca\u00f1as, raciones [&hellip;]<\/p>\n","protected":false},"author":1,"featured_media":0,"parent":0,"menu_order":0,"comment_status":"closed","ping_status":"closed","template":"elementor_canvas","meta":{"footnotes":""},"class_list":["post-2","page","type-page","status-publish","hentry"],"yoast_head":"<!-- This site is optimized with the Yoast SEO plugin v27.4 - https:\/\/yoast.com\/product\/yoast-seo-wordpress\/ -->\n<title>Inicio - Bar Etxepe<\/title>\n<meta name=\"robots\" content=\"index, follow, max-snippet:-1, max-image-preview:large, max-video-preview:-1\" \/>\n<link rel=\"canonical\" href=\"https:\/\/baretxepe.com\/eu\/\" \/>\n<meta property=\"og:locale\" content=\"en_US\" \/>\n<meta property=\"og:type\" content=\"article\" \/>\n<meta property=\"og:title\" content=\"Inicio - Bar Etxepe\" \/>\n<meta property=\"og:description\" content=\"Bienvenido al Bar Etxepe M\u00e1s que un bar, somos una familia Desayunos, pinchos y raciones Hace m\u00e1s de 25 a\u00f1os naci\u00f3 Bar Etxepe, un peque\u00f1o rinc\u00f3n de barrio que con el tiempo se ha convertido en la segunda casa de muchos. No somos solo un bar: somos una gran familia donde se sirven ca\u00f1as, raciones [&hellip;]\" \/>\n<meta property=\"og:url\" content=\"https:\/\/baretxepe.com\/eu\/\" \/>\n<meta property=\"og:site_name\" content=\"Bar Etxepe\" \/>\n<meta property=\"article:modified_time\" content=\"2025-07-14T08:02:37+00:00\" \/>\n<meta name=\"twitter:card\" content=\"summary_large_image\" \/>\n<meta name=\"twitter:label1\" content=\"Est. reading time\" \/>\n\t<meta name=\"twitter:data1\" content=\"1 minutua\" \/>\n<script type=\"application\/ld+json\" class=\"yoast-schema-graph\">{\"@context\":\"https:\\\/\\\/schema.org\",\"@graph\":[{\"@type\":\"WebPage\",\"@id\":\"https:\\\/\\\/baretxepe.com\\\/\",\"url\":\"https:\\\/\\\/baretxepe.com\\\/\",\"name\":\"Inicio - Bar Etxepe\",\"isPartOf\":{\"@id\":\"https:\\\/\\\/baretxepe.com\\\/#website\"},\"datePublished\":\"2025-07-10T14:21:33+00:00\",\"dateModified\":\"2025-07-14T08:02:37+00:00\",\"breadcrumb\":{\"@id\":\"https:\\\/\\\/baretxepe.com\\\/#breadcrumb\"},\"inLanguage\":\"eu\",\"potentialAction\":[{\"@type\":\"ReadAction\",\"target\":[\"https:\\\/\\\/baretxepe.com\\\/\"]}]},{\"@type\":\"BreadcrumbList\",\"@id\":\"https:\\\/\\\/baretxepe.com\\\/#breadcrumb\",\"itemListElement\":[{\"@type\":\"ListItem\",\"position\":1,\"name\":\"Portada\",\"item\":\"https:\\\/\\\/baretxepe.com\\\/\"},{\"@type\":\"ListItem\",\"position\":2,\"name\":\"Inicio\"}]},{\"@type\":\"WebSite\",\"@id\":\"https:\\\/\\\/baretxepe.com\\\/#website\",\"url\":\"https:\\\/\\\/baretxepe.com\\\/\",\"name\":\"Bar Etxepe\",\"description\":\"Bar Etxepe: m\u00e1s de 25 a\u00f1os de sabor y cercan\u00eda. Raciones, bebidas y ambiente familiar en tu bar de siempre. \u00a1Tu segunda casa te espera!\",\"publisher\":{\"@id\":\"https:\\\/\\\/baretxepe.com\\\/#organization\"},\"potentialAction\":[{\"@type\":\"SearchAction\",\"target\":{\"@type\":\"EntryPoint\",\"urlTemplate\":\"https:\\\/\\\/baretxepe.com\\\/?s={search_term_string}\"},\"query-input\":{\"@type\":\"PropertyValueSpecification\",\"valueRequired\":true,\"valueName\":\"search_term_string\"}}],\"inLanguage\":\"eu\"},{\"@type\":\"Organization\",\"@id\":\"https:\\\/\\\/baretxepe.com\\\/#organization\",\"name\":\"Bar Etxepe\",\"url\":\"https:\\\/\\\/baretxepe.com\\\/\",\"logo\":{\"@type\":\"ImageObject\",\"inLanguage\":\"eu\",\"@id\":\"https:\\\/\\\/baretxepe.com\\\/#\\\/schema\\\/logo\\\/image\\\/\",\"url\":\"https:\\\/\\\/baretxepe.com\\\/wp-content\\\/uploads\\\/2025\\\/07\\\/cropped-etxepe.png\",\"contentUrl\":\"https:\\\/\\\/baretxepe.com\\\/wp-content\\\/uploads\\\/2025\\\/07\\\/cropped-etxepe.png\",\"width\":500,\"height\":143,\"caption\":\"Bar Etxepe\"},\"image\":{\"@id\":\"https:\\\/\\\/baretxepe.com\\\/#\\\/schema\\\/logo\\\/image\\\/\"}}]}<\/script>\n<!-- \/ Yoast SEO plugin. -->","yoast_head_json":{"title":"Inicio - Bar Etxepe","robots":{"index":"index","follow":"follow","max-snippet":"max-snippet:-1","max-image-preview":"max-image-preview:large","max-video-preview":"max-video-preview:-1"},"canonical":"https:\/\/baretxepe.com\/eu\/","og_locale":"en_US","og_type":"article","og_title":"Inicio - Bar Etxepe","og_description":"Bienvenido al Bar Etxepe M\u00e1s que un bar, somos una familia Desayunos, pinchos y raciones Hace m\u00e1s de 25 a\u00f1os naci\u00f3 Bar Etxepe, un peque\u00f1o rinc\u00f3n de barrio que con el tiempo se ha convertido en la segunda casa de muchos. No somos solo un bar: somos una gran familia donde se sirven ca\u00f1as, raciones [&hellip;]","og_url":"https:\/\/baretxepe.com\/eu\/","og_site_name":"Bar Etxepe","article_modified_time":"2025-07-14T08:02:37+00:00","twitter_card":"summary_large_image","twitter_misc":{"Est. reading time":"1 minutua"},"schema":{"@context":"https:\/\/schema.org","@graph":[{"@type":"WebPage","@id":"https:\/\/baretxepe.com\/","url":"https:\/\/baretxepe.com\/","name":"Inicio - Bar Etxepe","isPartOf":{"@id":"https:\/\/baretxepe.com\/#website"},"datePublished":"2025-07-10T14:21:33+00:00","dateModified":"2025-07-14T08:02:37+00:00","breadcrumb":{"@id":"https:\/\/baretxepe.com\/#breadcrumb"},"inLanguage":"eu","potentialAction":[{"@type":"ReadAction","target":["https:\/\/baretxepe.com\/"]}]},{"@type":"BreadcrumbList","@id":"https:\/\/baretxepe.com\/#breadcrumb","itemListElement":[{"@type":"ListItem","position":1,"name":"Portada","item":"https:\/\/baretxepe.com\/"},{"@type":"ListItem","position":2,"name":"Inicio"}]},{"@type":"WebSite","@id":"https:\/\/baretxepe.com\/#website","url":"https:\/\/baretxepe.com\/","name":"Bar Etxepe","description":"Bar Etxepe: m\u00e1s de 25 a\u00f1os de sabor y cercan\u00eda. Raciones, bebidas y ambiente familiar en tu bar de siempre. \u00a1Tu segunda casa te espera!","publisher":{"@id":"https:\/\/baretxepe.com\/#organization"},"potentialAction":[{"@type":"SearchAction","target":{"@type":"EntryPoint","urlTemplate":"https:\/\/baretxepe.com\/?s={search_term_string}"},"query-input":{"@type":"PropertyValueSpecification","valueRequired":true,"valueName":"search_term_string"}}],"inLanguage":"eu"},{"@type":"Organization","@id":"https:\/\/baretxepe.com\/#organization","name":"Bar Etxepe","url":"https:\/\/baretxepe.com\/","logo":{"@type":"ImageObject","inLanguage":"eu","@id":"https:\/\/baretxepe.com\/#\/schema\/logo\/image\/","url":"https:\/\/baretxepe.com\/wp-content\/uploads\/2025\/07\/cropped-etxepe.png","contentUrl":"https:\/\/baretxepe.com\/wp-content\/uploads\/2025\/07\/cropped-etxepe.png","width":500,"height":143,"caption":"Bar Etxepe"},"image":{"@id":"https:\/\/baretxepe.com\/#\/schema\/logo\/image\/"}}]}},"_links":{"self":[{"href":"https:\/\/baretxepe.com\/eu\/wp-json\/wp\/v2\/pages\/2","targetHints":{"allow":["GET"]}}],"collection":[{"href":"https:\/\/baretxepe.com\/eu\/wp-json\/wp\/v2\/pages"}],"about":[{"href":"https:\/\/baretxepe.com\/eu\/wp-json\/wp\/v2\/types\/page"}],"author":[{"embeddable":true,"href":"https:\/\/baretxepe.com\/eu\/wp-json\/wp\/v2\/users\/1"}],"replies":[{"embeddable":true,"href":"https:\/\/baretxepe.com\/eu\/wp-json\/wp\/v2\/comments?post=2"}],"version-history":[{"count":73,"href":"https:\/\/baretxepe.com\/eu\/wp-json\/wp\/v2\/pages\/2\/revisions"}],"predecessor-version":[{"id":398,"href":"https:\/\/baretxepe.com\/eu\/wp-json\/wp\/v2\/pages\/2\/revisions\/398"}],"wp:attachment":[{"href":"https:\/\/baretxepe.com\/eu\/wp-json\/wp\/v2\/media?parent=2"}],"curies":[{"name":"wp","href":"https:\/\/api.w.org\/{rel}","templated":true}]}}